{"id":855,"date":"2024-07-18T18:00:55","date_gmt":"2024-07-18T18:00:55","guid":{"rendered":"https:\/\/ebenezerforthenations.org\/?page_id=855"},"modified":"2025-05-20T18:31:24","modified_gmt":"2025-05-20T18:31:24","slug":"manos-que-ayudan","status":"publish","type":"page","link":"https:\/\/ebenezerforthenations.org\/en\/manos-que-ayudan\/","title":{"rendered":"Helping Hands"},"content":{"rendered":"<div data-elementor-type=\"wp-page\" data-elementor-id=\"855\" class=\"elementor elementor-855\">\n\t\t\t\t<div class=\"elementor-element elementor-element-f96a732 e-flex e-con-boxed wpr-particle-no wpr-jarallax-no wpr-parallax-no wpr-sticky-section-no e-con e-parent\" data-id=\"f96a732\" data-element_type=\"container\" data-settings=\"{&quot;background_background&quot;:&quot;classic&quot;}\">\n\t\t\t\t\t<div class=\"e-con-inner\">\n\t\t\t\t<div class=\"elementor-element elementor-element-d3739b1 elementor-invisible elementor-widget elementor-widget-heading\" data-id=\"d3739b1\" data-element_type=\"widget\" data-settings=\"{&quot;_animation&quot;:&quot;fadeInUp&quot;}\" data-widget_type=\"heading.default\">\n\t\t\t\t<div class=\"elementor-widget-container\">\n\t\t\t\t\t<h1 class=\"elementor-heading-title elementor-size-default\">Helping Hands<\/h1>\t\t\t\t<\/div>\n\t\t\t\t<\/div>\n\t\t\t\t\t<\/div>\n\t\t\t\t<\/div>\n\t\t<div class=\"elementor-element elementor-element-7885ee9 e-flex e-con-boxed wpr-particle-no wpr-jarallax-no wpr-parallax-no wpr-sticky-section-no e-con e-parent\" data-id=\"7885ee9\" data-element_type=\"container\">\n\t\t\t\t\t<div class=\"e-con-inner\">\n\t\t\t\t<div class=\"elementor-element elementor-element-d23584f elementor-invisible elementor-widget elementor-widget-heading\" data-id=\"d23584f\" data-element_type=\"widget\" data-settings=\"{&quot;_animation&quot;:&quot;fadeInUp&quot;,&quot;_animation_delay&quot;:300}\" data-widget_type=\"heading.default\">\n\t\t\t\t<div class=\"elementor-widget-container\">\n\t\t\t\t\t<h2 class=\"elementor-heading-title elementor-size-default\">Faith in Action: A Beacon of Hope in Times of Crisis<\/h2>\t\t\t\t<\/div>\n\t\t\t\t<\/div>\n\t\t\t\t<div class=\"elementor-element elementor-element-b1af6a3 elementor-invisible elementor-widget elementor-widget-text-editor\" data-id=\"b1af6a3\" data-element_type=\"widget\" data-settings=\"{&quot;_animation&quot;:&quot;fadeInUp&quot;,&quot;_animation_delay&quot;:600}\" data-widget_type=\"text-editor.default\">\n\t\t\t\t<div class=\"elementor-widget-container\">\n\t\t\t\t\t\t\t\t\t<p>At Faith in Action,we extend a helping hand to those affected by natural disasters such as earthquakes, hurricanes, and torrential rains, as well as to those facing devastating illnesses. Our commitment has reached communities in South America, Central America, the Caribbean, and the United States, where low-income families have seen their lives transformed in an instant by these tragedies.<\/p><p>We are dedicated to reminding them that they are not alone. Through love and solidarity, we show them that we are all equal and that their well-being matters deeply to us.<\/p><p><strong>Our concrete efforts include:<\/strong><\/p><ul><li>Helping to <strong>build homes and churches,<\/strong> providing shelter for those who have lost everything.<\/li><li><strong>Delivering medical equipment, medicines, mattresses, and clothing,<\/strong> to ensure the basic needs of babies, children, adults, and the elderly are met.<\/li><li><strong>Offering financial assistance<\/strong> for other essential needs to help people start over.<\/li><li><strong>Providing emotional and spiritual support<\/strong> through counseling and mentoring, accompanying people in their grief and helping them overcome not only material losses but also the devastating loss of loved ones.<\/li><\/ul><p>Every action is inspired by a deep sense of humanity and faith. We walk alongside families in their recovery process, helping them rebuild their lives with dignity and hope.<\/p><p>Our goal is clear: to transform pain into hope and provide comprehensive support at every step of the journey toward a more stable and promising future.<\/p>\t\t\t\t\t\t\t\t<\/div>\n\t\t\t\t<\/div>\n\t\t\t\t<div class=\"elementor-element elementor-element-eed7ad1 elementor-invisible elementor-widget elementor-widget-button\" data-id=\"eed7ad1\" data-element_type=\"widget\" data-settings=\"{&quot;_animation&quot;:&quot;fadeInUp&quot;}\" data-widget_type=\"button.default\">\n\t\t\t\t<div class=\"elementor-widget-container\">\n\t\t\t\t\t\t\t\t\t<div class=\"elementor-button-wrapper\">\n\t\t\t\t\t<a class=\"elementor-button elementor-button-link elementor-size-sm\" href=\"https:\/\/ebenezerforthenations.org\/en\/donations\/your-contribution\/\">\n\t\t\t\t\t\t<span class=\"elementor-button-content-wrapper\">\n\t\t\t\t\t\t\t\t\t<span class=\"elementor-button-text\">DONATE<\/span>\n\t\t\t\t\t<\/span>\n\t\t\t\t\t<\/a>\n\t\t\t\t<\/div>\n\t\t\t\t\t\t\t\t<\/div>\n\t\t\t\t<\/div>\n\t\t\t\t\t<\/div>\n\t\t\t\t<\/div>\n\t\t<div class=\"elementor-element elementor-element-b707f8c e-flex e-con-boxed wpr-particle-no wpr-jarallax-no wpr-parallax-no wpr-sticky-section-no e-con e-parent\" data-id=\"b707f8c\" data-element_type=\"container\">\n\t\t\t\t\t<div class=\"e-con-inner\">\n\t\t<div class=\"elementor-element elementor-element-508c786 e-con-full animated-fast e-flex wpr-particle-no wpr-jarallax-no wpr-parallax-no wpr-sticky-section-no elementor-invisible e-con e-child\" data-id=\"508c786\" data-element_type=\"container\" data-settings=\"{&quot;animation&quot;:&quot;zoomIn&quot;}\">\n\t\t\t\t<div class=\"elementor-element elementor-element-6977eaf elementor-arrows-position-inside elementor-widget elementor-widget-image-carousel\" data-id=\"6977eaf\" data-element_type=\"widget\" data-settings=\"{&quot;slides_to_show&quot;:&quot;1&quot;,&quot;navigation&quot;:&quot;arrows&quot;,&quot;autoplay&quot;:&quot;yes&quot;,&quot;pause_on_hover&quot;:&quot;yes&quot;,&quot;pause_on_interaction&quot;:&quot;yes&quot;,&quot;autoplay_speed&quot;:5000,&quot;infinite&quot;:&quot;yes&quot;,&quot;effect&quot;:&quot;slide&quot;,&quot;speed&quot;:500}\" data-widget_type=\"image-carousel.default\">\n\t\t\t\t<div class=\"elementor-widget-container\">\n\t\t\t\t\t\t\t<div class=\"elementor-image-carousel-wrapper swiper\" role=\"region\" aria-roledescription=\"carousel\" aria-label=\"Carrusel de im\u00e1genes\" dir=\"ltr\">\n\t\t\t<div class=\"elementor-image-carousel swiper-wrapper\" aria-live=\"off\">\n\t\t\t\t\t\t\t\t<div class=\"swiper-slide\" role=\"group\" aria-roledescription=\"slide\" aria-label=\"1 of 16\"><figure class=\"swiper-slide-inner\"><img decoding=\"async\" class=\"swiper-slide-image\" src=\"https:\/\/ebenezerforthenations.org\/wp-content\/uploads\/2024\/11\/Helping-Hands-1.png\" alt=\"Helping-Hands-1\" \/><\/figure><\/div><div class=\"swiper-slide\" role=\"group\" aria-roledescription=\"slide\" aria-label=\"2 of 16\"><figure class=\"swiper-slide-inner\"><img decoding=\"async\" class=\"swiper-slide-image\" src=\"https:\/\/ebenezerforthenations.org\/wp-content\/uploads\/2024\/11\/Helping-Hands-2.png\" alt=\"Helping-Hands-2\" \/><\/figure><\/div><div class=\"swiper-slide\" role=\"group\" aria-roledescription=\"slide\" aria-label=\"3 of 16\"><figure class=\"swiper-slide-inner\"><img decoding=\"async\" class=\"swiper-slide-image\" src=\"https:\/\/ebenezerforthenations.org\/wp-content\/uploads\/2024\/11\/Helping-Hands-6.png\" alt=\"Helping-Hands-6\" \/><\/figure><\/div><div class=\"swiper-slide\" role=\"group\" aria-roledescription=\"slide\" aria-label=\"4 of 16\"><figure class=\"swiper-slide-inner\"><img decoding=\"async\" class=\"swiper-slide-image\" src=\"https:\/\/ebenezerforthenations.org\/wp-content\/uploads\/2024\/11\/Helping-Hands-8.png\" alt=\"Helping-Hands-8\" \/><\/figure><\/div><div class=\"swiper-slide\" role=\"group\" aria-roledescription=\"slide\" aria-label=\"5 of 16\"><figure class=\"swiper-slide-inner\"><img decoding=\"async\" class=\"swiper-slide-image\" src=\"https:\/\/ebenezerforthenations.org\/wp-content\/uploads\/2024\/11\/Helping-Hands-11.png\" alt=\"Helping-Hands-11\" \/><\/figure><\/div><div class=\"swiper-slide\" role=\"group\" aria-roledescription=\"slide\" aria-label=\"6 of 16\"><figure class=\"swiper-slide-inner\"><img decoding=\"async\" class=\"swiper-slide-image\" src=\"https:\/\/ebenezerforthenations.org\/wp-content\/uploads\/2024\/11\/Helping-Hands-3.png\" alt=\"Helping-Hands-3\" \/><\/figure><\/div><div class=\"swiper-slide\" role=\"group\" aria-roledescription=\"slide\" aria-label=\"7 of 16\"><figure class=\"swiper-slide-inner\"><img decoding=\"async\" class=\"swiper-slide-image\" src=\"https:\/\/ebenezerforthenations.org\/wp-content\/uploads\/2024\/11\/Helping-Hands-4.png\" alt=\"Helping-Hands-4\" \/><\/figure><\/div><div class=\"swiper-slide\" role=\"group\" aria-roledescription=\"slide\" aria-label=\"8 of 16\"><figure class=\"swiper-slide-inner\"><img decoding=\"async\" class=\"swiper-slide-image\" src=\"https:\/\/ebenezerforthenations.org\/wp-content\/uploads\/2024\/11\/Helping-Hands-5.png\" alt=\"Helping-Hands-5\" \/><\/figure><\/div><div class=\"swiper-slide\" role=\"group\" aria-roledescription=\"slide\" aria-label=\"9 of 16\"><figure class=\"swiper-slide-inner\"><img decoding=\"async\" class=\"swiper-slide-image\" src=\"https:\/\/ebenezerforthenations.org\/wp-content\/uploads\/2024\/11\/Helping-Hands-7.png\" alt=\"Helping-Hands-7\" \/><\/figure><\/div><div class=\"swiper-slide\" role=\"group\" aria-roledescription=\"slide\" aria-label=\"10 of 16\"><figure class=\"swiper-slide-inner\"><img decoding=\"async\" class=\"swiper-slide-image\" src=\"https:\/\/ebenezerforthenations.org\/wp-content\/uploads\/2024\/11\/Helping-Hands-9.png\" alt=\"Helping-Hands-9\" \/><\/figure><\/div><div class=\"swiper-slide\" role=\"group\" aria-roledescription=\"slide\" aria-label=\"11 of 16\"><figure class=\"swiper-slide-inner\"><img decoding=\"async\" class=\"swiper-slide-image\" src=\"https:\/\/ebenezerforthenations.org\/wp-content\/uploads\/2024\/11\/Helping-Hands-10.png\" alt=\"Helping-Hands-10\" \/><\/figure><\/div><div class=\"swiper-slide\" role=\"group\" aria-roledescription=\"slide\" aria-label=\"12 of 16\"><figure class=\"swiper-slide-inner\"><img decoding=\"async\" class=\"swiper-slide-image\" src=\"https:\/\/ebenezerforthenations.org\/wp-content\/uploads\/2024\/11\/Helping-Hands-12.png\" alt=\"Helping-Hands-12\" \/><\/figure><\/div><div class=\"swiper-slide\" role=\"group\" aria-roledescription=\"slide\" aria-label=\"13 of 16\"><figure class=\"swiper-slide-inner\"><img decoding=\"async\" class=\"swiper-slide-image\" src=\"https:\/\/ebenezerforthenations.org\/wp-content\/uploads\/2024\/11\/Helping-Hands-13.png\" alt=\"Helping-Hands-13\" \/><\/figure><\/div><div class=\"swiper-slide\" role=\"group\" aria-roledescription=\"slide\" aria-label=\"14 of 16\"><figure class=\"swiper-slide-inner\"><img decoding=\"async\" class=\"swiper-slide-image\" src=\"https:\/\/ebenezerforthenations.org\/wp-content\/uploads\/2024\/11\/Helping-Hands-14.png\" alt=\"Helping-Hands-14\" \/><\/figure><\/div><div class=\"swiper-slide\" role=\"group\" aria-roledescription=\"slide\" aria-label=\"15 of 16\"><figure class=\"swiper-slide-inner\"><img decoding=\"async\" class=\"swiper-slide-image\" src=\"https:\/\/ebenezerforthenations.org\/wp-content\/uploads\/2024\/11\/Helping-Hands-15.png\" alt=\"Helping-Hands-15\" \/><\/figure><\/div><div class=\"swiper-slide\" role=\"group\" aria-roledescription=\"slide\" aria-label=\"16 of 16\"><figure class=\"swiper-slide-inner\"><img decoding=\"async\" class=\"swiper-slide-image\" src=\"https:\/\/ebenezerforthenations.org\/wp-content\/uploads\/2024\/11\/Helping-Hands-16.png\" alt=\"Helping-Hands-16\" \/><\/figure><\/div>\t\t\t<\/div>\n\t\t\t\t\t\t\t\t\t\t\t\t<div class=\"elementor-swiper-button elementor-swiper-button-prev\" role=\"button\" tabindex=\"0\">\n\t\t\t\t\t\t<svg aria-hidden=\"true\" class=\"e-font-icon-svg e-eicon-chevron-left\" viewbox=\"0 0 1000 1000\" xmlns=\"http:\/\/www.w3.org\/2000\/svg\"><path d=\"M646 125C629 125 613 133 604 142L308 442C296 454 292 471 292 487 292 504 296 521 308 533L604 854C617 867 629 875 646 875 663 875 679 871 692 858 704 846 713 829 713 812 713 796 708 779 692 767L438 487 692 225C700 217 708 204 708 187 708 171 704 154 692 142 675 129 663 125 646 125Z\"><\/path><\/svg>\t\t\t\t\t<\/div>\n\t\t\t\t\t<div class=\"elementor-swiper-button elementor-swiper-button-next\" role=\"button\" tabindex=\"0\">\n\t\t\t\t\t\t<svg aria-hidden=\"true\" class=\"e-font-icon-svg e-eicon-chevron-right\" viewbox=\"0 0 1000 1000\" xmlns=\"http:\/\/www.w3.org\/2000\/svg\"><path d=\"M696 533C708 521 713 504 713 487 713 471 708 454 696 446L400 146C388 133 375 125 354 125 338 125 325 129 313 142 300 154 292 171 292 187 292 204 296 221 308 233L563 492 304 771C292 783 288 800 288 817 288 833 296 850 308 863 321 871 338 875 354 875 371 875 388 867 400 854L696 533Z\"><\/path><\/svg>\t\t\t\t\t<\/div>\n\t\t\t\t\n\t\t\t\t\t\t\t\t\t<\/div>\n\t\t\t\t\t\t<\/div>\n\t\t\t\t<\/div>\n\t\t\t\t<\/div>\n\t\t<div class=\"elementor-element elementor-element-b5457e2 e-con-full e-flex wpr-particle-no wpr-jarallax-no wpr-parallax-no wpr-sticky-section-no e-con e-child\" data-id=\"b5457e2\" data-element_type=\"container\">\n\t\t\t\t<div class=\"elementor-element elementor-element-143a920 elementor-invisible elementor-widget elementor-widget-heading\" data-id=\"143a920\" data-element_type=\"widget\" data-settings=\"{&quot;_animation&quot;:&quot;fadeInUp&quot;,&quot;_animation_delay&quot;:300}\" data-widget_type=\"heading.default\">\n\t\t\t\t<div class=\"elementor-widget-container\">\n\t\t\t\t\t<h2 class=\"elementor-heading-title elementor-size-default\">Join our team and transform lives<\/h2>\t\t\t\t<\/div>\n\t\t\t\t<\/div>\n\t\t\t\t<div class=\"elementor-element elementor-element-14be02a elementor-invisible elementor-widget elementor-widget-heading\" data-id=\"14be02a\" data-element_type=\"widget\" data-settings=\"{&quot;_animation&quot;:&quot;fadeInUp&quot;,&quot;_animation_delay&quot;:600}\" data-widget_type=\"heading.default\">\n\t\t\t\t<div class=\"elementor-widget-container\">\n\t\t\t\t\t<h3 class=\"elementor-heading-title elementor-size-default\">with love and compassion in critical moments<\/h3>\t\t\t\t<\/div>\n\t\t\t\t<\/div>\n\t\t<div class=\"elementor-element elementor-element-88db36c e-flex e-con-boxed wpr-particle-no wpr-jarallax-no wpr-parallax-no wpr-sticky-section-no e-con e-child\" data-id=\"88db36c\" data-element_type=\"container\">\n\t\t\t\t\t<div class=\"e-con-inner\">\n\t\t<div class=\"elementor-element elementor-element-125333a e-grid e-con-boxed wpr-particle-no wpr-jarallax-no wpr-parallax-no wpr-sticky-section-no e-con e-child\" data-id=\"125333a\" data-element_type=\"container\">\n\t\t\t\t\t<div class=\"e-con-inner\">\n\t\t\t\t<div class=\"elementor-element elementor-element-e8e9529 elementor-widget elementor-widget-button\" data-id=\"e8e9529\" data-element_type=\"widget\" data-widget_type=\"button.default\">\n\t\t\t\t<div class=\"elementor-widget-container\">\n\t\t\t\t\t\t\t\t\t<div class=\"elementor-button-wrapper\">\n\t\t\t\t\t<a class=\"elementor-button elementor-button-link elementor-size-sm\" href=\"https:\/\/ebenezerforthenations.org\/en\/donations\/your-contribution\/\">\n\t\t\t\t\t\t<span class=\"elementor-button-content-wrapper\">\n\t\t\t\t\t\t\t\t\t<span class=\"elementor-button-text\">DONATE<\/span>\n\t\t\t\t\t<\/span>\n\t\t\t\t\t<\/a>\n\t\t\t\t<\/div>\n\t\t\t\t\t\t\t\t<\/div>\n\t\t\t\t<\/div>\n\t\t\t\t<div class=\"elementor-element elementor-element-079deb6 elementor-invisible elementor-widget elementor-widget-button\" data-id=\"079deb6\" data-element_type=\"widget\" data-settings=\"{&quot;_animation&quot;:&quot;fadeInUp&quot;,&quot;_animation_delay&quot;:900}\" data-widget_type=\"button.default\">\n\t\t\t\t<div class=\"elementor-widget-container\">\n\t\t\t\t\t\t\t\t\t<div class=\"elementor-button-wrapper\">\n\t\t\t\t\t<a class=\"elementor-button elementor-button-link elementor-size-sm\" href=\"https:\/\/ebenezerforthenations.org\/en\/voluntarios\/\">\n\t\t\t\t\t\t<span class=\"elementor-button-content-wrapper\">\n\t\t\t\t\t\t\t\t\t<span class=\"elementor-button-text\">VOLUNTEER<\/span>\n\t\t\t\t\t<\/span>\n\t\t\t\t\t<\/a>\n\t\t\t\t<\/div>\n\t\t\t\t\t\t\t\t<\/div>\n\t\t\t\t<\/div>\n\t\t\t\t\t<\/div>\n\t\t\t\t<\/div>\n\t\t\t\t\t<\/div>\n\t\t\t\t<\/div>\n\t\t\t\t<\/div>\n\t\t\t\t\t<\/div>\n\t\t\t\t<\/div>\n\t\t<div class=\"elementor-element elementor-element-99216e9 e-flex e-con-boxed wpr-particle-no wpr-jarallax-no wpr-parallax-no wpr-sticky-section-no elementor-invisible e-con e-parent\" data-id=\"99216e9\" data-element_type=\"container\" data-settings=\"{&quot;background_background&quot;:&quot;classic&quot;,&quot;animation&quot;:&quot;fadeInUp&quot;}\">\n\t\t\t\t\t<div class=\"e-con-inner\">\n\t\t\t\t<div class=\"elementor-element elementor-element-04f0451 elementor-widget elementor-widget-heading\" data-id=\"04f0451\" data-element_type=\"widget\" data-widget_type=\"heading.default\">\n\t\t\t\t<div class=\"elementor-widget-container\">\n\t\t\t\t\t<h2 class=\"elementor-heading-title elementor-size-default\">Galatians 6:2 \u201cBear one another's burdens, and in this way you will fulfill the law of Christ\u201d.<\/h2>\t\t\t\t<\/div>\n\t\t\t\t<\/div>\n\t\t\t\t\t<\/div>\n\t\t\t\t<\/div>\n\t\t\t\t<\/div>","protected":false},"excerpt":{"rendered":"<p>Manos que Ayudan Fe en acci\u00f3n: Un faro de esperanza en tiempos de crisis En Fe en Acci\u00f3n tendemos una mano solidaria a quienes han sido golpeados por desastres naturales como terremotos, huracanes y lluvias torrenciales, as\u00ed como a quienes se enfrentan a enfermedades devastadoras. Nuestro compromiso ha llegado a comunidades de Sudam\u00e9rica, Centroam\u00e9rica, el Caribe y Estados Unidos, donde familias de bajos ingresos han visto sus vidas transformadas en un instante por estas tragedias. Nos dedicamos a recordarles que no est\u00e1n solos. A trav\u00e9s del amor y la solidaridad, les mostramos que todos somos iguales y que su bienestar nos importa profundamente. Nuestros esfuerzos concretos: Hemos ayudado a construir casas e iglesias, dar cobijo a quienes lo han perdido todo. Entregamos equipos m\u00e9dicos, medicamentos, colchones y ropa, garantizar la satisfacci\u00f3n de las necesidades b\u00e1sicas de beb\u00e9s, ni\u00f1os, adultos y ancianos. Ofrecemos asistencia financiera para otras necesidades esenciales para ayudarte a empezar de nuevo. Proporcionamos apoyo emocional y espiritual, mediante el asesoramiento y la tutor\u00eda, acompa\u00f1ar a las personas en su duelo, ayud\u00e1ndolas a superar no s\u00f3lo las p\u00e9rdidas materiales, sino tambi\u00e9n la devastadora p\u00e9rdida de seres queridos. Cada acci\u00f3n se inspira en un profundo sentido de humanidad y fe. Acompa\u00f1amos a las familias en su proceso de recuperaci\u00f3n, ayud\u00e1ndolas a reconstruir sus vidas con dignidad y esperanza. Nuestro objetivo es claro: transformar el dolor en esperanza y proporcionar un apoyo integral en cada paso del camino hacia un futuro m\u00e1s estable y lleno de posibilidades. DONAR \u00danete a nuestro equipo y transforma vidas con amor y compasi\u00f3n en los momentos cr\u00edticos DONAR VOLUNTARIO G\u00e1latas 6:2 \u00abSobrellevad los unos las cargas de los otros, y as\u00ed cumplir\u00e9is la ley de Cristo\u00bb.<\/p>","protected":false},"author":1,"featured_media":0,"parent":0,"menu_order":0,"comment_status":"closed","ping_status":"closed","template":"elementor_canvas","meta":{"give_campaign_id":0,"footnotes":""},"class_list":["post-855","page","type-page","status-publish","hentry"],"campaignId":"","_links":{"self":[{"href":"https:\/\/ebenezerforthenations.org\/en\/wp-json\/wp\/v2\/pages\/855","targetHints":{"allow":["GET"]}}],"collection":[{"href":"https:\/\/ebenezerforthenations.org\/en\/wp-json\/wp\/v2\/pages"}],"about":[{"href":"https:\/\/ebenezerforthenations.org\/en\/wp-json\/wp\/v2\/types\/page"}],"author":[{"embeddable":true,"href":"https:\/\/ebenezerforthenations.org\/en\/wp-json\/wp\/v2\/users\/1"}],"replies":[{"embeddable":true,"href":"https:\/\/ebenezerforthenations.org\/en\/wp-json\/wp\/v2\/comments?post=855"}],"version-history":[{"count":15,"href":"https:\/\/ebenezerforthenations.org\/en\/wp-json\/wp\/v2\/pages\/855\/revisions"}],"predecessor-version":[{"id":3583,"href":"https:\/\/ebenezerforthenations.org\/en\/wp-json\/wp\/v2\/pages\/855\/revisions\/3583"}],"wp:attachment":[{"href":"https:\/\/ebenezerforthenations.org\/en\/wp-json\/wp\/v2\/media?parent=855"}],"curies":[{"name":"wp","href":"https:\/\/api.w.org\/{rel}","templated":true}]}}