{"id":2875,"date":"2025-05-01T04:43:06","date_gmt":"2025-05-01T04:43:06","guid":{"rendered":"https:\/\/ebenezerforthenations.org\/?page_id=2875"},"modified":"2025-05-04T23:09:53","modified_gmt":"2025-05-04T23:09:53","slug":"gifts","status":"publish","type":"page","link":"https:\/\/ebenezerforthenations.org\/en\/gifts\/","title":{"rendered":"GIFTS"},"content":{"rendered":"<div data-elementor-type=\"wp-page\" data-elementor-id=\"2875\" class=\"elementor elementor-2875\">\n\t\t\t\t<div class=\"elementor-element elementor-element-734eed0 e-flex e-con-boxed wpr-particle-no wpr-jarallax-no wpr-parallax-no wpr-sticky-section-no e-con e-parent\" data-id=\"734eed0\" data-element_type=\"container\" data-settings=\"{&quot;background_background&quot;:&quot;classic&quot;}\">\n\t\t\t\t\t<div class=\"e-con-inner\">\n\t\t\t\t<div class=\"elementor-element elementor-element-335a5d3 elementor-invisible elementor-widget elementor-widget-heading\" data-id=\"335a5d3\" data-element_type=\"widget\" data-settings=\"{&quot;_animation&quot;:&quot;fadeInUp&quot;}\" data-widget_type=\"heading.default\">\n\t\t\t\t<div class=\"elementor-widget-container\">\n\t\t\t\t\t<h1 class=\"elementor-heading-title elementor-size-default\">Food assistance<\/h1>\t\t\t\t<\/div>\n\t\t\t\t<\/div>\n\t\t\t\t<div class=\"elementor-element elementor-element-895cf57 elementor-widget-divider--view-line elementor-widget elementor-widget-divider\" data-id=\"895cf57\" data-element_type=\"widget\" data-widget_type=\"divider.default\">\n\t\t\t\t<div class=\"elementor-widget-container\">\n\t\t\t\t\t\t\t<div class=\"elementor-divider\">\n\t\t\t<span class=\"elementor-divider-separator\">\n\t\t\t\t\t\t<\/span>\n\t\t<\/div>\n\t\t\t\t\t\t<\/div>\n\t\t\t\t<\/div>\n\t\t\t\t<div class=\"elementor-element elementor-element-4cc79b8 elementor-invisible elementor-widget elementor-widget-text-editor\" data-id=\"4cc79b8\" data-element_type=\"widget\" data-settings=\"{&quot;_animation&quot;:&quot;fadeInUp&quot;,&quot;_animation_delay&quot;:600}\" data-widget_type=\"text-editor.default\">\n\t\t\t\t<div class=\"elementor-widget-container\">\n\t\t\t\t\t\t\t\t\t<p>In Latin American countries, many low-income families suffer from hunger due to poverty, lack of employment, and limited access to food. The causes include economic inequality, lack of resources, natural disasters, high inflation, and political instability, resulting in millions of people in the region living in extreme poverty, facing food shortages and malnutrition.<\/p><p>Through its food assistance program, <strong>Rosal\u00eda: Nourishing Dreams,<\/strong> Ebenezer is committed to extending a helping hand to as many people as possible.<\/p>\t\t\t\t\t\t\t\t<\/div>\n\t\t\t\t<\/div>\n\t\t\t\t\t<\/div>\n\t\t\t\t<\/div>\n\t\t<div class=\"elementor-element elementor-element-68ddb75 e-flex e-con-boxed wpr-particle-no wpr-jarallax-no wpr-parallax-no wpr-sticky-section-no e-con e-parent\" data-id=\"68ddb75\" data-element_type=\"container\">\n\t\t\t\t\t<div class=\"e-con-inner\">\n\t\t\t\t<div class=\"elementor-element elementor-element-23a4468 wpr-grid-columns-2 wpr-item-styles-wrapper wpr-grid-columns--laptop3 wpr-grid-columns--tablet_extra3 wpr-grid-columns--tablet2 wpr-grid-columns--mobile_extra2 wpr-grid-columns--mobile1 wpr-grid-pagination-center elementor-widget elementor-widget-wpr-woo-grid\" data-id=\"23a4468\" data-element_type=\"widget\" data-widget_type=\"wpr-woo-grid.default\">\n\t\t\t\t<div class=\"elementor-widget-container\">\n\t\t\t\t\t<ul class=\"wpr-grid-filters elementor-clearfix wpr-grid-filters-sep-right\"><li class=\"wpr-pointer-none wpr-pointer-line-fx wpr-pointer-fx-none\"><span data-filter=\"*\" class=\"wpr-active-filter\">All<\/span><em class=\"wpr-grid-filters-sep\"><\/em><\/li><li class=\"wpr-pointer-none wpr-pointer-line-fx wpr-pointer-fx-none\"><span  data-ajax-filter=\"[\"product_cat\",\"food-assistance\"]\" data-filter=\".product_cat-food-assistance\">Food assistance<\/span><em class=\"wpr-grid-filters-sep\"><\/em><\/li><\/ul><section class=\"wpr-grid elementor-clearfix\" data-settings=\"{&quot;layout&quot;:&quot;fitRows&quot;,&quot;stick_last_element_to_bottom&quot;:&quot;&quot;,&quot;columns_desktop&quot;:&quot;2&quot;,&quot;gutter_hr&quot;:50,&quot;gutter_hr_mobile&quot;:50,&quot;gutter_hr_mobile_extra&quot;:50,&quot;gutter_hr_tablet&quot;:50,&quot;gutter_hr_tablet_extra&quot;:50,&quot;gutter_hr_laptop&quot;:50,&quot;gutter_hr_widescreen&quot;:50,&quot;gutter_vr&quot;:30,&quot;gutter_vr_mobile&quot;:30,&quot;gutter_vr_mobile_extra&quot;:30,&quot;gutter_vr_tablet&quot;:30,&quot;gutter_vr_tablet_extra&quot;:30,&quot;gutter_vr_laptop&quot;:30,&quot;gutter_vr_widescreen&quot;:30,&quot;animation&quot;:&quot;zoom&quot;,&quot;animation_duration&quot;:0.3,&quot;animation_delay&quot;:0.1,&quot;deeplinking&quot;:&quot;&quot;,&quot;filters_linkable&quot;:&quot;no&quot;,&quot;filters_default_filter&quot;:&quot;&quot;,&quot;filters_count&quot;:&quot;&quot;,&quot;filters_hide_empty&quot;:&quot;no&quot;,&quot;filters_animation&quot;:&quot;default&quot;,&quot;filters_animation_duration&quot;:0.3,&quot;filters_animation_delay&quot;:0.1,&quot;pagination_type&quot;:&quot;load-more&quot;,&quot;pagination_max_pages&quot;:1,&quot;query_posts_per_page&quot;:10,&quot;lightbox&quot;:{&quot;selector&quot;:&quot;.wpr-grid-image-wrap&quot;,&quot;iframeMaxWidth&quot;:&quot;60%&quot;,&quot;hash&quot;:false,&quot;autoplay&quot;:&quot;true&quot;,&quot;pause&quot;:5000,&quot;progressBar&quot;:&quot;true&quot;,&quot;counter&quot;:&quot;true&quot;,&quot;controls&quot;:&quot;true&quot;,&quot;getCaptionFromTitleOrAlt&quot;:&quot;true&quot;,&quot;thumbnail&quot;:&quot;&quot;,&quot;showThumbByDefault&quot;:&quot;&quot;,&quot;share&quot;:&quot;&quot;,&quot;zoom&quot;:&quot;true&quot;,&quot;fullScreen&quot;:&quot;true&quot;,&quot;download&quot;:&quot;true&quot;}}\" data-found-posts = \"2\"><article class=\"wpr-grid-item elementor-clearfix post-2721 product type-product status-publish has-post-thumbnail product_cat-food-assistance first instock virtual taxable purchasable product-type-simple\"><div class=\"wpr-grid-item-inner\"><div class=\"wpr-grid-media-wrap wpr-effect-size-medium\" data-overlay-link=\"yes\"><div class=\"wpr-grid-image-wrap\" data-src=\"https:\/\/ebenezerforthenations.org\/wp-content\/uploads\/2024\/11\/Ebenezer-18.png\"  data-img-on-hover=\"\" data-src-secondary=\"\"><img decoding=\"async\" src=\"https:\/\/ebenezerforthenations.org\/wp-content\/uploads\/2024\/11\/Ebenezer-18.png\" alt=\"Rosal\u00eda, Nourishing Dreams\" class=\"wpr-anim-timing-ease-default\"><\/div><div class=\"wpr-grid-media-hover wpr-animation-wrap\"><div class=\"wpr-grid-media-hover-bg  wpr-overlay-fade-in wpr-anim-size-large wpr-anim-timing-ease-default wpr-anim-transparency\" data-url=\"https:\/\/ebenezerforthenations.org\/en\/product\/rosalia-nourishing-dreams-2\/\"><\/div><\/div><\/div><div class=\"wpr-grid-item-below-content elementor-clearfix\"><div class=\"wpr-grid-item-product_cat elementor-repeater-item-e797ebd wpr-grid-item-display-inline wpr-grid-item-align-center wpr-pointer-none wpr-pointer-line-fx wpr-pointer-fx-fade wpr-grid-product-categories\"><div class=\"inner-block\"><a  href=\"https:\/\/ebenezerforthenations.org\/en\/product-category\/food-assistance\/\">Food assistance<\/a><\/div><\/div><h2 class=\"wpr-grid-item-title elementor-repeater-item-d4310a3 wpr-grid-item-display-block wpr-grid-item-align-center wpr-pointer-none wpr-pointer-line-fx wpr-pointer-fx-fade\"><div class=\"inner-block\"><a target=\"_self\"   href=\"https:\/\/ebenezerforthenations.org\/en\/product\/rosalia-nourishing-dreams-2\/\">Rosal\u00eda, Nourishing Dreams<\/a><\/div><\/h2><div class=\"wpr-grid-item-price elementor-repeater-item-0f44665 wpr-grid-item-display-block wpr-grid-item-align-center\"><div class=\"inner-block\"><span><span class=\"woocommerce-Price-amount amount\"><span class=\"woocommerce-Price-currencySymbol\">&#036;<\/span>30.00<\/span><\/span><\/div><\/div><div class=\"wpr-grid-item-add-to-cart elementor-repeater-item-3a27718 wpr-grid-item-display-block wpr-grid-item-align-center\"><div class=\"inner-block\"><a rel=\"nofollow\" class=\"product_type_simple add_to_cart_button ajax_add_to_cart wpr-button-effect wpr-button-none\" aria-label=\"A\u00f1adir al carrito: \u201cRosal\u00eda, Nourishing Dreams\u201d\" data-product_id=\"2721\" data-product_sku=\"\" data-atc-popup=\"\" data-atc-animation=\"\" data-atc-fade-out-in=\"\" data-atc-animation-time=\"\" href=\"https:\/\/ebenezerforthenations.org\/en\/product\/rosalia-nourishing-dreams-2\/\/?add-to-cart=2721\" data-no-translation-aria-label=\"\"><span>Add to Cart<\/span><\/a><\/div><\/div><\/div><\/div><\/article><article class=\"wpr-grid-item elementor-clearfix post-2896 product type-product status-publish has-post-thumbnail product_cat-food-assistance  instock virtual taxable purchasable product-type-simple\"><div class=\"wpr-grid-item-inner\"><div class=\"wpr-grid-media-wrap wpr-effect-size-medium\" data-overlay-link=\"yes\"><div class=\"wpr-grid-image-wrap\" data-src=\"https:\/\/ebenezerforthenations.org\/wp-content\/uploads\/2025\/05\/FOOD.jpg\"  data-img-on-hover=\"\" data-src-secondary=\"\"><img decoding=\"async\" src=\"https:\/\/ebenezerforthenations.org\/wp-content\/uploads\/2025\/05\/FOOD.jpg\" alt=\"Food for natural disasters\" class=\"wpr-anim-timing-ease-default\"><\/div><div class=\"wpr-grid-media-hover wpr-animation-wrap\"><div class=\"wpr-grid-media-hover-bg  wpr-overlay-fade-in wpr-anim-size-large wpr-anim-timing-ease-default wpr-anim-transparency\" data-url=\"https:\/\/ebenezerforthenations.org\/en\/product\/food-for-natural-disasters\/\"><\/div><\/div><\/div><div class=\"wpr-grid-item-below-content elementor-clearfix\"><div class=\"wpr-grid-item-product_cat elementor-repeater-item-e797ebd wpr-grid-item-display-inline wpr-grid-item-align-center wpr-pointer-none wpr-pointer-line-fx wpr-pointer-fx-fade wpr-grid-product-categories\"><div class=\"inner-block\"><a  href=\"https:\/\/ebenezerforthenations.org\/en\/product-category\/food-assistance\/\">Food assistance<\/a><\/div><\/div><h2 class=\"wpr-grid-item-title elementor-repeater-item-d4310a3 wpr-grid-item-display-block wpr-grid-item-align-center wpr-pointer-none wpr-pointer-line-fx wpr-pointer-fx-fade\"><div class=\"inner-block\"><a target=\"_self\"   href=\"https:\/\/ebenezerforthenations.org\/en\/product\/food-for-natural-disasters\/\">Food for natural disasters<\/a><\/div><\/h2><div class=\"wpr-grid-item-price elementor-repeater-item-0f44665 wpr-grid-item-display-block wpr-grid-item-align-center\"><div class=\"inner-block\"><span><span class=\"woocommerce-Price-amount amount\"><span class=\"woocommerce-Price-currencySymbol\">&#036;<\/span>25.00<\/span><\/span><\/div><\/div><div class=\"wpr-grid-item-add-to-cart elementor-repeater-item-3a27718 wpr-grid-item-display-block wpr-grid-item-align-center\"><div class=\"inner-block\"><a rel=\"nofollow\" class=\"product_type_simple add_to_cart_button ajax_add_to_cart wpr-button-effect wpr-button-none\" aria-label=\"A\u00f1adir al carrito: \u201cFood for natural disasters\u201d\" data-product_id=\"2896\" data-product_sku=\"\" data-atc-popup=\"\" data-atc-animation=\"\" data-atc-fade-out-in=\"\" data-atc-animation-time=\"\" href=\"https:\/\/ebenezerforthenations.org\/en\/product\/food-for-natural-disasters\/\/?add-to-cart=2896\" data-no-translation-aria-label=\"\"><span>Add to Cart<\/span><\/a><\/div><\/div><\/div><\/div><\/article><\/section>\t\t\t\t<\/div>\n\t\t\t\t<\/div>\n\t\t\t\t\t<\/div>\n\t\t\t\t<\/div>\n\t\t\t\t<\/div>","protected":false},"excerpt":{"rendered":"<p>Food assistance En pa\u00edses de Am\u00e9rica latina, muchas familias sin recursos sufren de hambre debido a la pobreza, falta de empleo y acceso limitado a alimentos. Las causas incluyen desigualdad econ\u00f3mica, falta de recursos, desastres naturales, alta inflaci\u00f3n e inestabilidad pol\u00edtica, provocando millones de personas de la regi\u00f3n vivan en pobreza extrema con escasez de alimentos y desnutrici\u00f3n. Ebenezer con sus programas de asistencia alimentaria Rosal\u00eda, Nourishing dreams y Food for natural disasters tiene el compromiso de brindar una mano a la mayor cantidad de personas posible. All Food assistance Food assistance Rosal\u00eda, Nourishing Dreams &#036;100.00Add to Cart Food assistance Food for natural disasters &#036;100.00Add to Cart<\/p>","protected":false},"author":1,"featured_media":0,"parent":0,"menu_order":0,"comment_status":"closed","ping_status":"closed","template":"elementor_canvas","meta":{"give_campaign_id":0,"footnotes":""},"class_list":["post-2875","page","type-page","status-publish","hentry"],"campaignId":"","_links":{"self":[{"href":"https:\/\/ebenezerforthenations.org\/en\/wp-json\/wp\/v2\/pages\/2875","targetHints":{"allow":["GET"]}}],"collection":[{"href":"https:\/\/ebenezerforthenations.org\/en\/wp-json\/wp\/v2\/pages"}],"about":[{"href":"https:\/\/ebenezerforthenations.org\/en\/wp-json\/wp\/v2\/types\/page"}],"author":[{"embeddable":true,"href":"https:\/\/ebenezerforthenations.org\/en\/wp-json\/wp\/v2\/users\/1"}],"replies":[{"embeddable":true,"href":"https:\/\/ebenezerforthenations.org\/en\/wp-json\/wp\/v2\/comments?post=2875"}],"version-history":[{"count":91,"href":"https:\/\/ebenezerforthenations.org\/en\/wp-json\/wp\/v2\/pages\/2875\/revisions"}],"predecessor-version":[{"id":3531,"href":"https:\/\/ebenezerforthenations.org\/en\/wp-json\/wp\/v2\/pages\/2875\/revisions\/3531"}],"wp:attachment":[{"href":"https:\/\/ebenezerforthenations.org\/en\/wp-json\/wp\/v2\/media?parent=2875"}],"curies":[{"name":"wp","href":"https:\/\/api.w.org\/{rel}","templated":true}]}}